{"id":295,"date":"2025-05-28T08:31:48","date_gmt":"2025-05-28T08:31:48","guid":{"rendered":"https:\/\/festive-benz.2-56-99-18.plesk.page\/schornsteinfeger-liv-baden-wuerttemberg\/?page_id=295"},"modified":"2025-05-28T08:37:20","modified_gmt":"2025-05-28T08:37:20","slug":"informationen-zum-feuerstaettenbescheid","status":"publish","type":"page","link":"https:\/\/schornsteinfegerinnung-tuebingen.de\/index.php\/informationen-zum-feuerstaettenbescheid\/","title":{"rendered":"Informationen zum Feuerst\u00e4ttenbescheid"},"content":{"rendered":"<p>[et_pb_section fb_built=&#8220;1&#8243; theme_builder_area=&#8220;post_content&#8220; _builder_version=&#8220;4.27.4&#8243; _module_preset=&#8220;default&#8220;][et_pb_row _builder_version=&#8220;4.27.4&#8243; _module_preset=&#8220;default&#8220; theme_builder_area=&#8220;post_content&#8220; column_structure=&#8220;1_2,1_2&#8243;][et_pb_column _builder_version=&#8220;4.27.4&#8243; _module_preset=&#8220;default&#8220; type=&#8220;1_2&#8243; theme_builder_area=&#8220;post_content&#8220;][et_pb_image src=&#8220;https:\/\/festive-benz.2-56-99-18.plesk.page\/schornsteinfeger-liv-baden-wuerttemberg\/wp-content\/uploads\/2025\/05\/img_5177.jpg&#8220; _builder_version=&#8220;4.27.4&#8243; _module_preset=&#8220;default&#8220; theme_builder_area=&#8220;post_content&#8220; title_text=&#8220;img_5177&#8243; hover_enabled=&#8220;0&#8243; sticky_enabled=&#8220;0&#8243;][\/et_pb_image][\/et_pb_column][et_pb_column _builder_version=&#8220;4.27.4&#8243; _module_preset=&#8220;default&#8220; type=&#8220;1_2&#8243; theme_builder_area=&#8220;post_content&#8220;][et_pb_text _builder_version=&#8220;4.27.4&#8243; _module_preset=&#8220;default&#8220; theme_builder_area=&#8220;post_content&#8220; hover_enabled=&#8220;0&#8243; sticky_enabled=&#8220;0&#8243;]<\/p>\n<p>Wir haben hier f\u00fcr Sie Informationen zur Feuerst\u00e4ttenschau und die wichtigsten Fragen und Antworten rund um den Feuerst\u00e4ttenbescheid zusammengestellt.\u00a0<\/p>\n<p>Die<span>\u00a0<\/span><strong>Feuerst\u00e4ttenschau<\/strong><span>\u00a0<\/span>findet zweimal innerhalb von sieben Jahren statt. W\u00e4hrend der Feuerst\u00e4ttenschau besichtigt der bevollm\u00e4chtigte Bezirksschornsteinfeger bzw. die bevollm\u00e4chtigte Bezirksschornsteinfegerin s\u00e4mtliche Feuerungsanlagen eines Geb\u00e4udes und \u00fcberpr\u00fcft ihre Betriebs- und Brandsicherheit. Im Anschluss setzt der bevollm\u00e4chtigte Bezirksschornsteinfeger bzw. die bevollm\u00e4chtigte Bezirksschornsteinfegerin in einem schriftlichen Bescheid (<strong>Feuerst\u00e4ttenbescheid<\/strong>) fest, welche gesetzlich vorgeschriebenen Schornsteinfegerarbeiten in welchem Zeitraum durchzuf\u00fchren sind.<\/p>\n<p>Unabh\u00e4ngig von der Feuerst\u00e4ttenschau kann es dazu kommen, dass ein Feuerst\u00e4ttenbescheid erstellt bzw. ge\u00e4ndert werden muss:\u00a0<\/p>\n<ul class=\"on-list\">\n<li>nach einer baulichen \u00c4nderung und der Abnahme durch den bevollm\u00e4chtigten Bezirksschornsteinfeger bzw. durch die bevollm\u00e4chtigte Bezirksschornsteinfegerin,<\/li>\n<li>wenn sich die Kehr- und \u00dcberpr\u00fcfungsintervalle \u00e4ndern,<\/li>\n<li>wenn noch kein Feuerst\u00e4ttenbescheid erstellt wurde. \u00a0<\/li>\n<\/ul>\n<p>Die Erstellung ist teilweise auch auf Basis der Kehrbuchdaten m\u00f6glich. Im Falle einer \u00c4nderung wird zun\u00e4chst ein \u00c4nderungsbescheid erstellt.<\/p>\n<p>[\/et_pb_text][\/et_pb_column][\/et_pb_row][\/et_pb_section][et_pb_section fb_built=&#8220;1&#8243; theme_builder_area=&#8220;post_content&#8220; _builder_version=&#8220;4.27.4&#8243; _module_preset=&#8220;default&#8220;][et_pb_row _builder_version=&#8220;4.27.4&#8243; _module_preset=&#8220;default&#8220; theme_builder_area=&#8220;post_content&#8220;][et_pb_column _builder_version=&#8220;4.27.4&#8243; _module_preset=&#8220;default&#8220; type=&#8220;4_4&#8243; theme_builder_area=&#8220;post_content&#8220;][et_pb_text _builder_version=&#8220;4.27.4&#8243; _module_preset=&#8220;default&#8220; theme_builder_area=&#8220;post_content&#8220; hover_enabled=&#8220;0&#8243; sticky_enabled=&#8220;0&#8243;]<\/p>\n<div class=\"row\">\n<div class=\"col-xs-12\">\n<p>Warum der Feuerst\u00e4ttenbescheid wichtig ist und wof\u00fcr Sie ihn brauchen, k\u00f6nnen Sie hier nachlesen.<\/p>\n<\/div>\n<\/div>\n<p><strong>1. Was ist ein Feuerst\u00e4ttenbescheid?<\/strong><\/p>\n<p>Der Feuerst\u00e4ttenbescheid ist ein schriftlicher Verwaltungsakt und damit ein rechtsverbindliches Dokument. Er f\u00fchrt alle gesetzlich vorgeschriebenen Schornsteinfegerarbeiten auf, die an Ihren Feuerungsanlagen durchzuf\u00fchren sind.<\/p>\n<p>Gemeint sind damit Messungen, \u00dcberpr\u00fcfungen und Reinigungsarbeiten z. B. an Gas- und \u00d6lheizungsanlagen, Heizungsanlagen f\u00fcr feste Brennstoffe einschlie\u00dflich ihrer Abgasanlage, an Schornsteinen f\u00fcr Kamin- und Kachel\u00f6fen, offenen Kaminen und anderen \u00d6fen f\u00fcr feste Brennstoffe.<\/p>\n<p><strong>2. Was steht im Feuerst\u00e4ttenbescheid?<\/strong><\/p>\n<p>In der Regel enth\u00e4lt der Bescheid folgende Informationen:<\/p>\n<p>&#8211; Auflistung der vorhandenen Feuerst\u00e4tten und der zugeh\u00f6rigen Abgasanlagen (Schornstein, Abgasleitung, Verbindungsst\u00fcck),<br \/>&#8211; die daran durchzuf\u00fchrenden Arbeiten,<br \/>&#8211; den Zeitraum, in dem diese erledigt werden m\u00fcssen,<br \/>&#8211; die geltende Rechtsgrundlage (z. B.<span>\u00a0<\/span><a href=\"https:\/\/www.gesetze-im-internet.de\/k_o\/K%C3%9CO.pdf\" target=\"_blank\" rel=\"noopener\">K\u00dcO<\/a>,<span>\u00a0<\/span><a href=\"https:\/\/www.schornsteinfeger.de\/bimschv_2022.pdfx?forced=true\">1. BImSchV<\/a>).<\/p>\n<p><strong>3. Wann erhalte ich meinen Feuerst\u00e4ttenbescheid?<\/strong><\/p>\n<p>Ein Feuerst\u00e4ttenbescheid wird im Anschluss an eine Feuerst\u00e4ttenschau vom bevollm\u00e4chtigten Bezirksschornsteinfeger bzw. von der bevollm\u00e4chtigten Bezirksschornsteinfegerin ausgestellt. Sollten sich jedoch die Kehr- und \u00dcberpr\u00fcfungsintervalle \u00e4ndern, so muss der Feuerst\u00e4ttenbescheid unabh\u00e4ngig von der Feuerst\u00e4ttenschau entsprechend ge\u00e4ndert werden. Auch wenn eine neue Feuerst\u00e4tte eingebaut und abgenommen wurde, stellt der bevollm\u00e4chtigte Bezirksschornsteinfeger bzw. die bevollm\u00e4chtigte Bezirksschornsteinfegerin einen Feuerst\u00e4ttenbescheid aus.<\/p>\n<p><strong>4. Was kostet der Bescheid?<\/strong><\/p>\n<p>Die Kosten f\u00fcr die Ausstellung des Feuerst\u00e4ttenbescheids richten sich nach \u00a7 6 Abs. 1 Nr. 2 K\u00dcO in Verbindung mit Anlage 3 Nr. 1 K\u00dcO. Bei bis zu 3 Feuerungsanlagen kostet der Feuerst\u00e4ttenbescheid zum Beispiel 10 AW. Ein Arbeitswert entspricht einer Arbeitszeit von einer Minute. Die eigentliche Geb\u00fchr ergibt sich aus der Multiplikation des Arbeitswertes mit 1,40 Euro zuz\u00fcglich der gesetzlichen Umsatzsteuer von zzt. 19 Prozent. \u00a0<\/p>\n<p><strong>5. Was muss ich mit dem Feuerst\u00e4ttenbescheid machen?<\/strong><\/p>\n<p>Sie sollten den Feuerst\u00e4ttenbescheid in jedem Fall aufbewahren, denn er enth\u00e4lt wichtige Informationen f\u00fcr Sie als Eigent\u00fcmer*in. Seit 2013 haben Sie die M\u00f6glichkeit, den Auftrag f\u00fcr bestimmte Aufgaben (Messen, \u00dcberpr\u00fcfen, Kehren, Reinigen) an einen daf\u00fcr zugelassenen Schornsteinfegerbetrieb Ihrer Wahl zu vergeben. Um die Arbeiten ausf\u00fchren zu k\u00f6nnen, ben\u00f6tigt der Schornsteinfegerbetrieb die Informationen des Feuerst\u00e4ttenbescheids.<\/p>\n<p>Wichtig: Im Anschluss an die Arbeiten muss der von Ihnen beauftragte Schornsteinfegerbetrieb die fach- und fristgerechte Durchf\u00fchrung auf einem gesonderten Formblatt nachweisen. Dieses Formblatt \u00fcbergeben oder senden Sie unterschrieben an den bevollm\u00e4chtigten Bezirksschornsteinfeger bzw. die bevollm\u00e4chtigte Bezirksschornsteinfegerin (innerhalb von 14 Tagen nach dem letzten Tag der festgesetzten Frist), der oder die die Daten in das Kehrbuch aufnimmt. Sollte es sich bei dem beauftragten Schornsteinfegerbetrieb um den Betrieb des bevollm\u00e4chtigten Bezirksschornsteinfegers bzw. der bevollm\u00e4chtigten Bezirksschornsteinfegerin handeln, entf\u00e4llt dieser Schritt.<\/p>\n<p>Tipp: Im eigenen Interesse sollten bzw. d\u00fcrfen Sie nur entsprechend qualifizierte und zugelassene Schornsteinfegerbetriebe ausw\u00e4hlen.<\/p>\n<p><strong>6. Was passiert, wenn ich Termine vers\u00e4ume?<\/strong><\/p>\n<p>Wenn die im Feuerst\u00e4ttenbescheid festgelegten Arbeiten nicht oder zu sp\u00e4t durchgef\u00fchrt bzw. nachgewiesen werden, ist der bevollm\u00e4chtigte Bezirksschornsteinfeger bzw. die bevollm\u00e4chtigte Bezirksschornsteinfegerin dazu verpflichtet, den Vorfall der zust\u00e4ndigen Beh\u00f6rde zu melden. Diese stellt dann einen Zweitbescheid aus. Sollte dieser ebenfalls nicht umgesetzt werden, kommt es zu einer Ersatzvornahme, das hei\u00dft, dass die Beh\u00f6rde die Schornsteinfegerarbeiten im Vollstreckungsverfahren durchf\u00fchren l\u00e4sst.<\/p>\n<p>Auch aus haftungs- und versicherungsrechtlichen Gr\u00fcnden ist es wichtig, dass alle Arbeiten fach- und fristgerecht ausgef\u00fchrt werden. Zudem k\u00f6nnten M\u00e4ngel an Ihrer Anlage, die nicht entdeckt oder behoben werden, zu gef\u00e4hrlichen Situationen f\u00fchren. Erh\u00f6hte Schadstoffkonzentrationen in den Abgasen beispielsweise belasten Ihre Gesundheit, schaden der Umwelt und kosten Sie am Ende mehr Geld.<\/p>\n<p>Tipp: Achten Sie also im eigenen Interesse erstens auf die fachliche Qualifizierung eines von Ihnen beauftragten Schornsteinfegerbetriebes und zweitens auf die fristgerechte Durchf\u00fchrung. Wichtig ist auch der entsprechende Nachweis. Das vollst\u00e4ndig ausgef\u00fcllte Formblatt sollte termingerecht dem bevollm\u00e4chtigten Bezirksschornsteinfeger bzw. der bevollm\u00e4chtigten Bezirksschornsteinfegerin vorliegen.<\/p>\n<p>[\/et_pb_text][\/et_pb_column][\/et_pb_row][\/et_pb_section]<\/p>\n","protected":false},"excerpt":{"rendered":"<p>Wir haben hier f\u00fcr Sie Informationen zur Feuerst\u00e4ttenschau und die wichtigsten Fragen und Antworten rund um den Feuerst\u00e4ttenbescheid zusammengestellt.\u00a0 Die\u00a0Feuerst\u00e4ttenschau\u00a0findet zweimal innerhalb von sieben Jahren statt. W\u00e4hrend der Feuerst\u00e4ttenschau besichtigt der bevollm\u00e4chtigte Bezirksschornsteinfeger bzw. die bevollm\u00e4chtigte Bezirksschornsteinfegerin s\u00e4mtliche Feuerungsanlagen eines Geb\u00e4udes und \u00fcberpr\u00fcft ihre Betriebs- und Brandsicherheit. Im Anschluss setzt der bevollm\u00e4chtigte Bezirksschornsteinfeger bzw. die [&hellip;]<\/p>\n","protected":false},"author":1,"featured_media":0,"parent":0,"menu_order":0,"comment_status":"closed","ping_status":"closed","template":"","meta":{"_et_pb_use_builder":"on","_et_pb_old_content":"","_et_gb_content_width":"","footnotes":""},"class_list":["post-295","page","type-page","status-publish","hentry"],"_links":{"self":[{"href":"https:\/\/schornsteinfegerinnung-tuebingen.de\/index.php\/wp-json\/wp\/v2\/pages\/295","targetHints":{"allow":["GET"]}}],"collection":[{"href":"https:\/\/schornsteinfegerinnung-tuebingen.de\/index.php\/wp-json\/wp\/v2\/pages"}],"about":[{"href":"https:\/\/schornsteinfegerinnung-tuebingen.de\/index.php\/wp-json\/wp\/v2\/types\/page"}],"author":[{"embeddable":true,"href":"https:\/\/schornsteinfegerinnung-tuebingen.de\/index.php\/wp-json\/wp\/v2\/users\/1"}],"replies":[{"embeddable":true,"href":"https:\/\/schornsteinfegerinnung-tuebingen.de\/index.php\/wp-json\/wp\/v2\/comments?post=295"}],"version-history":[{"count":3,"href":"https:\/\/schornsteinfegerinnung-tuebingen.de\/index.php\/wp-json\/wp\/v2\/pages\/295\/revisions"}],"predecessor-version":[{"id":300,"href":"https:\/\/schornsteinfegerinnung-tuebingen.de\/index.php\/wp-json\/wp\/v2\/pages\/295\/revisions\/300"}],"wp:attachment":[{"href":"https:\/\/schornsteinfegerinnung-tuebingen.de\/index.php\/wp-json\/wp\/v2\/media?parent=295"}],"curies":[{"name":"wp","href":"https:\/\/api.w.org\/{rel}","templated":true}]}}